{"id":1027,"date":"2025-05-24T10:14:39","date_gmt":"2025-05-24T10:14:39","guid":{"rendered":"https:\/\/oslicepizza.fr\/?post_type=product&#038;p=1027"},"modified":"2025-08-13T14:01:14","modified_gmt":"2025-08-13T14:01:14","slug":"composez-votre-milk-shake","status":"publish","type":"product","link":"https:\/\/oslicepizza.fr\/pavillonssousbois\/produit\/composez-votre-milk-shake\/","title":{"rendered":"COMPOSEZ VOTRE MILK SHAKE"},"content":{"rendered":"<p>Milk shake \u00e0 la vanille<\/p>\n","protected":false},"excerpt":{"rendered":"<p>Milk shake \u00e0 la vanille<\/p>\n","protected":false},"featured_media":1645,"comment_status":"open","ping_status":"closed","template":"","meta":[],"product_brand":[],"product_cat":[45],"product_tag":[],"class_list":{"0":"post-1027","1":"product","2":"type-product","3":"status-publish","4":"has-post-thumbnail","6":"product_cat-boissons","8":"first","9":"instock","10":"shipping-taxable","11":"purchasable","12":"product-type-simple"},"yoast_head":"<!-- This site is optimized with the Yoast SEO plugin v27.5 - https:\/\/yoast.com\/product\/yoast-seo-wordpress\/ -->\n<title>Composez votre Milk Shake \u2013 O\u2019Slice Pizza Pavillons Sous-Bois<\/title>\n<meta name=\"description\" content=\"Cr\u00e9ez votre Milk Shake personnalis\u00e9 avec les fruits et ingr\u00e9dients de votre choix. Commandez en ligne chez O\u2019Slice Pizza \u00e0 Pavillons Sous-Bois, livraison rapide !\" \/>\n<meta name=\"robots\" content=\"index, follow, max-snippet:-1, max-image-preview:large, max-video-preview:-1\" \/>\n<link rel=\"canonical\" href=\"https:\/\/oslicepizza.fr\/pavillonssousbois\/produit\/composez-votre-milk-shake\/\" \/>\n<meta property=\"og:locale\" content=\"fr_FR\" \/>\n<meta property=\"og:type\" content=\"article\" \/>\n<meta property=\"og:title\" content=\"Composez votre Milk Shake \u2013 O\u2019Slice Pizza Pavillons Sous-Bois\" \/>\n<meta property=\"og:description\" content=\"Cr\u00e9ez votre Milk Shake personnalis\u00e9 avec les fruits et ingr\u00e9dients de votre choix. Commandez en ligne chez O\u2019Slice Pizza \u00e0 Pavillons Sous-Bois, livraison rapide !\" \/>\n<meta property=\"og:url\" content=\"https:\/\/oslicepizza.fr\/pavillonssousbois\/produit\/composez-votre-milk-shake\/\" \/>\n<meta property=\"og:site_name\" content=\"O&#039;Slice Pizza - Pavillons Sous-Bois\" \/>\n<meta property=\"article:modified_time\" content=\"2025-08-13T14:01:14+00:00\" \/>\n<meta property=\"og:image\" content=\"https:\/\/oslicepizza.fr\/pavillonssousbois\/wp-content\/uploads\/sites\/7\/2025\/05\/Milkshake.jpeg\" \/>\n\t<meta property=\"og:image:width\" content=\"1600\" \/>\n\t<meta property=\"og:image:height\" content=\"1600\" \/>\n\t<meta property=\"og:image:type\" content=\"image\/jpeg\" \/>\n<meta name=\"twitter:card\" content=\"summary_large_image\" \/>\n<script type=\"application\/ld+json\" class=\"yoast-schema-graph\">{\"@context\":\"https:\\\/\\\/schema.org\",\"@graph\":[{\"@type\":\"WebPage\",\"@id\":\"https:\\\/\\\/oslicepizza.fr\\\/pavillonssousbois\\\/produit\\\/composez-votre-milk-shake\\\/\",\"url\":\"https:\\\/\\\/oslicepizza.fr\\\/pavillonssousbois\\\/produit\\\/composez-votre-milk-shake\\\/\",\"name\":\"Composez votre Milk Shake \u2013 O\u2019Slice Pizza Pavillons Sous-Bois\",\"isPartOf\":{\"@id\":\"https:\\\/\\\/oslicepizza.fr\\\/pavillonssousbois\\\/#website\"},\"primaryImageOfPage\":{\"@id\":\"https:\\\/\\\/oslicepizza.fr\\\/pavillonssousbois\\\/produit\\\/composez-votre-milk-shake\\\/#primaryimage\"},\"image\":{\"@id\":\"https:\\\/\\\/oslicepizza.fr\\\/pavillonssousbois\\\/produit\\\/composez-votre-milk-shake\\\/#primaryimage\"},\"thumbnailUrl\":\"https:\\\/\\\/oslicepizza.fr\\\/pavillonssousbois\\\/wp-content\\\/uploads\\\/sites\\\/7\\\/2025\\\/05\\\/Milkshake.jpeg\",\"datePublished\":\"2025-05-24T10:14:39+00:00\",\"dateModified\":\"2025-08-13T14:01:14+00:00\",\"description\":\"Cr\u00e9ez votre Milk Shake personnalis\u00e9 avec les fruits et ingr\u00e9dients de votre choix. Commandez en ligne chez O\u2019Slice Pizza \u00e0 Pavillons Sous-Bois, livraison rapide !\",\"breadcrumb\":{\"@id\":\"https:\\\/\\\/oslicepizza.fr\\\/pavillonssousbois\\\/produit\\\/composez-votre-milk-shake\\\/#breadcrumb\"},\"inLanguage\":\"fr-FR\",\"potentialAction\":[{\"@type\":\"ReadAction\",\"target\":[\"https:\\\/\\\/oslicepizza.fr\\\/pavillonssousbois\\\/produit\\\/composez-votre-milk-shake\\\/\"]}]},{\"@type\":\"ImageObject\",\"inLanguage\":\"fr-FR\",\"@id\":\"https:\\\/\\\/oslicepizza.fr\\\/pavillonssousbois\\\/produit\\\/composez-votre-milk-shake\\\/#primaryimage\",\"url\":\"https:\\\/\\\/oslicepizza.fr\\\/pavillonssousbois\\\/wp-content\\\/uploads\\\/sites\\\/7\\\/2025\\\/05\\\/Milkshake.jpeg\",\"contentUrl\":\"https:\\\/\\\/oslicepizza.fr\\\/pavillonssousbois\\\/wp-content\\\/uploads\\\/sites\\\/7\\\/2025\\\/05\\\/Milkshake.jpeg\",\"width\":1600,\"height\":1600},{\"@type\":\"BreadcrumbList\",\"@id\":\"https:\\\/\\\/oslicepizza.fr\\\/pavillonssousbois\\\/produit\\\/composez-votre-milk-shake\\\/#breadcrumb\",\"itemListElement\":[{\"@type\":\"ListItem\",\"position\":1,\"name\":\"Accueil\",\"item\":\"https:\\\/\\\/oslicepizza.fr\\\/pavillonssousbois\\\/\"},{\"@type\":\"ListItem\",\"position\":2,\"name\":\"Boutique\",\"item\":\"https:\\\/\\\/oslicepizza.fr\\\/pavillonssousbois\\\/boutique\\\/\"},{\"@type\":\"ListItem\",\"position\":3,\"name\":\"COMPOSEZ VOTRE MILK SHAKE\"}]},{\"@type\":\"WebSite\",\"@id\":\"https:\\\/\\\/oslicepizza.fr\\\/pavillonssousbois\\\/#website\",\"url\":\"https:\\\/\\\/oslicepizza.fr\\\/pavillonssousbois\\\/\",\"name\":\"O'Slice Pizza - Pavillons Sous-Bois\",\"description\":\"\",\"publisher\":{\"@id\":\"https:\\\/\\\/oslicepizza.fr\\\/pavillonssousbois\\\/#organization\"},\"potentialAction\":[{\"@type\":\"SearchAction\",\"target\":{\"@type\":\"EntryPoint\",\"urlTemplate\":\"https:\\\/\\\/oslicepizza.fr\\\/pavillonssousbois\\\/?s={search_term_string}\"},\"query-input\":{\"@type\":\"PropertyValueSpecification\",\"valueRequired\":true,\"valueName\":\"search_term_string\"}}],\"inLanguage\":\"fr-FR\"},{\"@type\":\"Organization\",\"@id\":\"https:\\\/\\\/oslicepizza.fr\\\/pavillonssousbois\\\/#organization\",\"name\":\"O'Slice Pizza - Pavillons Sous-Bois\",\"url\":\"https:\\\/\\\/oslicepizza.fr\\\/pavillonssousbois\\\/\",\"logo\":{\"@type\":\"ImageObject\",\"inLanguage\":\"fr-FR\",\"@id\":\"https:\\\/\\\/oslicepizza.fr\\\/pavillonssousbois\\\/#\\\/schema\\\/logo\\\/image\\\/\",\"url\":\"https:\\\/\\\/i0.wp.com\\\/oslicepizza.fr\\\/pavillonssousbois\\\/wp-content\\\/uploads\\\/sites\\\/7\\\/2025\\\/10\\\/Pavillons-scaled-1.webp?fit=2560%2C1707&ssl=1\",\"contentUrl\":\"https:\\\/\\\/i0.wp.com\\\/oslicepizza.fr\\\/pavillonssousbois\\\/wp-content\\\/uploads\\\/sites\\\/7\\\/2025\\\/10\\\/Pavillons-scaled-1.webp?fit=2560%2C1707&ssl=1\",\"width\":2560,\"height\":1707,\"caption\":\"O'Slice Pizza - Pavillons Sous-Bois\"},\"image\":{\"@id\":\"https:\\\/\\\/oslicepizza.fr\\\/pavillonssousbois\\\/#\\\/schema\\\/logo\\\/image\\\/\"}}]}<\/script>\n<!-- \/ Yoast SEO plugin. -->","yoast_head_json":{"title":"Composez votre Milk Shake \u2013 O\u2019Slice Pizza Pavillons Sous-Bois","description":"Cr\u00e9ez votre Milk Shake personnalis\u00e9 avec les fruits et ingr\u00e9dients de votre choix. Commandez en ligne chez O\u2019Slice Pizza \u00e0 Pavillons Sous-Bois, livraison rapide !","robots":{"index":"index","follow":"follow","max-snippet":"max-snippet:-1","max-image-preview":"max-image-preview:large","max-video-preview":"max-video-preview:-1"},"canonical":"https:\/\/oslicepizza.fr\/pavillonssousbois\/produit\/composez-votre-milk-shake\/","og_locale":"fr_FR","og_type":"article","og_title":"Composez votre Milk Shake \u2013 O\u2019Slice Pizza Pavillons Sous-Bois","og_description":"Cr\u00e9ez votre Milk Shake personnalis\u00e9 avec les fruits et ingr\u00e9dients de votre choix. Commandez en ligne chez O\u2019Slice Pizza \u00e0 Pavillons Sous-Bois, livraison rapide !","og_url":"https:\/\/oslicepizza.fr\/pavillonssousbois\/produit\/composez-votre-milk-shake\/","og_site_name":"O&#039;Slice Pizza - Pavillons Sous-Bois","article_modified_time":"2025-08-13T14:01:14+00:00","og_image":[{"width":1600,"height":1600,"url":"https:\/\/oslicepizza.fr\/pavillonssousbois\/wp-content\/uploads\/sites\/7\/2025\/05\/Milkshake.jpeg","type":"image\/jpeg"}],"twitter_card":"summary_large_image","schema":{"@context":"https:\/\/schema.org","@graph":[{"@type":"WebPage","@id":"https:\/\/oslicepizza.fr\/pavillonssousbois\/produit\/composez-votre-milk-shake\/","url":"https:\/\/oslicepizza.fr\/pavillonssousbois\/produit\/composez-votre-milk-shake\/","name":"Composez votre Milk Shake \u2013 O\u2019Slice Pizza Pavillons Sous-Bois","isPartOf":{"@id":"https:\/\/oslicepizza.fr\/pavillonssousbois\/#website"},"primaryImageOfPage":{"@id":"https:\/\/oslicepizza.fr\/pavillonssousbois\/produit\/composez-votre-milk-shake\/#primaryimage"},"image":{"@id":"https:\/\/oslicepizza.fr\/pavillonssousbois\/produit\/composez-votre-milk-shake\/#primaryimage"},"thumbnailUrl":"https:\/\/oslicepizza.fr\/pavillonssousbois\/wp-content\/uploads\/sites\/7\/2025\/05\/Milkshake.jpeg","datePublished":"2025-05-24T10:14:39+00:00","dateModified":"2025-08-13T14:01:14+00:00","description":"Cr\u00e9ez votre Milk Shake personnalis\u00e9 avec les fruits et ingr\u00e9dients de votre choix. Commandez en ligne chez O\u2019Slice Pizza \u00e0 Pavillons Sous-Bois, livraison rapide !","breadcrumb":{"@id":"https:\/\/oslicepizza.fr\/pavillonssousbois\/produit\/composez-votre-milk-shake\/#breadcrumb"},"inLanguage":"fr-FR","potentialAction":[{"@type":"ReadAction","target":["https:\/\/oslicepizza.fr\/pavillonssousbois\/produit\/composez-votre-milk-shake\/"]}]},{"@type":"ImageObject","inLanguage":"fr-FR","@id":"https:\/\/oslicepizza.fr\/pavillonssousbois\/produit\/composez-votre-milk-shake\/#primaryimage","url":"https:\/\/oslicepizza.fr\/pavillonssousbois\/wp-content\/uploads\/sites\/7\/2025\/05\/Milkshake.jpeg","contentUrl":"https:\/\/oslicepizza.fr\/pavillonssousbois\/wp-content\/uploads\/sites\/7\/2025\/05\/Milkshake.jpeg","width":1600,"height":1600},{"@type":"BreadcrumbList","@id":"https:\/\/oslicepizza.fr\/pavillonssousbois\/produit\/composez-votre-milk-shake\/#breadcrumb","itemListElement":[{"@type":"ListItem","position":1,"name":"Accueil","item":"https:\/\/oslicepizza.fr\/pavillonssousbois\/"},{"@type":"ListItem","position":2,"name":"Boutique","item":"https:\/\/oslicepizza.fr\/pavillonssousbois\/boutique\/"},{"@type":"ListItem","position":3,"name":"COMPOSEZ VOTRE MILK SHAKE"}]},{"@type":"WebSite","@id":"https:\/\/oslicepizza.fr\/pavillonssousbois\/#website","url":"https:\/\/oslicepizza.fr\/pavillonssousbois\/","name":"O'Slice Pizza - Pavillons Sous-Bois","description":"","publisher":{"@id":"https:\/\/oslicepizza.fr\/pavillonssousbois\/#organization"},"potentialAction":[{"@type":"SearchAction","target":{"@type":"EntryPoint","urlTemplate":"https:\/\/oslicepizza.fr\/pavillonssousbois\/?s={search_term_string}"},"query-input":{"@type":"PropertyValueSpecification","valueRequired":true,"valueName":"search_term_string"}}],"inLanguage":"fr-FR"},{"@type":"Organization","@id":"https:\/\/oslicepizza.fr\/pavillonssousbois\/#organization","name":"O'Slice Pizza - Pavillons Sous-Bois","url":"https:\/\/oslicepizza.fr\/pavillonssousbois\/","logo":{"@type":"ImageObject","inLanguage":"fr-FR","@id":"https:\/\/oslicepizza.fr\/pavillonssousbois\/#\/schema\/logo\/image\/","url":"https:\/\/i0.wp.com\/oslicepizza.fr\/pavillonssousbois\/wp-content\/uploads\/sites\/7\/2025\/10\/Pavillons-scaled-1.webp?fit=2560%2C1707&ssl=1","contentUrl":"https:\/\/i0.wp.com\/oslicepizza.fr\/pavillonssousbois\/wp-content\/uploads\/sites\/7\/2025\/10\/Pavillons-scaled-1.webp?fit=2560%2C1707&ssl=1","width":2560,"height":1707,"caption":"O'Slice Pizza - Pavillons Sous-Bois"},"image":{"@id":"https:\/\/oslicepizza.fr\/pavillonssousbois\/#\/schema\/logo\/image\/"}}]}},"jetpack_sharing_enabled":true,"_links":{"self":[{"href":"https:\/\/oslicepizza.fr\/pavillonssousbois\/wp-json\/wp\/v2\/product\/1027","targetHints":{"allow":["GET"]}}],"collection":[{"href":"https:\/\/oslicepizza.fr\/pavillonssousbois\/wp-json\/wp\/v2\/product"}],"about":[{"href":"https:\/\/oslicepizza.fr\/pavillonssousbois\/wp-json\/wp\/v2\/types\/product"}],"replies":[{"embeddable":true,"href":"https:\/\/oslicepizza.fr\/pavillonssousbois\/wp-json\/wp\/v2\/comments?post=1027"}],"wp:featuredmedia":[{"embeddable":true,"href":"https:\/\/oslicepizza.fr\/pavillonssousbois\/wp-json\/wp\/v2\/media\/1645"}],"wp:attachment":[{"href":"https:\/\/oslicepizza.fr\/pavillonssousbois\/wp-json\/wp\/v2\/media?parent=1027"}],"wp:term":[{"taxonomy":"product_brand","embeddable":true,"href":"https:\/\/oslicepizza.fr\/pavillonssousbois\/wp-json\/wp\/v2\/product_brand?post=1027"},{"taxonomy":"product_cat","embeddable":true,"href":"https:\/\/oslicepizza.fr\/pavillonssousbois\/wp-json\/wp\/v2\/product_cat?post=1027"},{"taxonomy":"product_tag","embeddable":true,"href":"https:\/\/oslicepizza.fr\/pavillonssousbois\/wp-json\/wp\/v2\/product_tag?post=1027"}],"curies":[{"name":"wp","href":"https:\/\/api.w.org\/{rel}","templated":true}]}}