{"id":657,"date":"2025-05-20T20:14:55","date_gmt":"2025-05-20T20:14:55","guid":{"rendered":"https:\/\/oslicepizza.fr\/?post_type=product&#038;p=657"},"modified":"2026-01-13T14:46:04","modified_gmt":"2026-01-13T13:46:04","slug":"compose-ton-tacos","status":"publish","type":"product","link":"https:\/\/oslicepizza.fr\/crepy\/produit\/compose-ton-tacos\/","title":{"rendered":"COMPOSE TON TACOS"},"content":{"rendered":"<div class=\"page\" title=\"Page 2\">\n<div class=\"section\">\n<div class=\"layoutArea\">\n<div class=\"column\">\n<p>Servie avec boissons<\/p>\n<\/div>\n<\/div>\n<\/div>\n<\/div>\n","protected":false},"excerpt":{"rendered":"<div class=\"page\" title=\"Page 2\">\n<div class=\"section\">\n<div class=\"layoutArea\">\n<div class=\"column\">\n<p>Servie avec boissons<\/p>\n<\/div>\n<\/div>\n<\/div>\n<\/div>\n","protected":false},"featured_media":658,"comment_status":"open","ping_status":"closed","template":"","meta":[],"product_brand":[],"product_cat":[44],"product_tag":[],"class_list":{"0":"post-657","1":"product","2":"type-product","3":"status-publish","4":"has-post-thumbnail","6":"product_cat-tacos","7":"product_shipping_class-plus_4_90","9":"first","10":"instock","11":"shipping-taxable","12":"purchasable","13":"product-type-variable"},"yoast_head":"<!-- This site is optimized with the Yoast SEO plugin v27.5 - https:\/\/yoast.com\/product\/yoast-seo-wordpress\/ -->\n<title>Composez Votre Tacos \u2013 Tacos Gourmand avec Boisson \u2013 O\u2019Slice Pizza Cr\u00e9py En Valois<\/title>\n<meta name=\"description\" content=\"Cr\u00e9ez votre tacos personnalis\u00e9 et profitez d\u2019une boisson incluse. Commandez en ligne chez O\u2019Slice Pizza \u00e0 Cr\u00e9py En Valois pour un repas savoureux et rapide !\" \/>\n<meta name=\"robots\" content=\"index, follow, max-snippet:-1, max-image-preview:large, max-video-preview:-1\" \/>\n<link rel=\"canonical\" href=\"https:\/\/oslicepizza.fr\/crepy\/produit\/compose-ton-tacos\/\" \/>\n<meta property=\"og:locale\" content=\"fr_FR\" \/>\n<meta property=\"og:type\" content=\"article\" \/>\n<meta property=\"og:title\" content=\"Composez Votre Tacos \u2013 Tacos Gourmand avec Boisson \u2013 O\u2019Slice Pizza Cr\u00e9py En Valois\" \/>\n<meta property=\"og:description\" content=\"Cr\u00e9ez votre tacos personnalis\u00e9 et profitez d\u2019une boisson incluse. Commandez en ligne chez O\u2019Slice Pizza \u00e0 Cr\u00e9py En Valois pour un repas savoureux et rapide !\" \/>\n<meta property=\"og:url\" content=\"https:\/\/oslicepizza.fr\/crepy\/produit\/compose-ton-tacos\/\" \/>\n<meta property=\"og:site_name\" content=\"O&#039;Slice Pizza - Cr\u00e9py En Valois\" \/>\n<meta property=\"article:modified_time\" content=\"2026-01-13T13:46:04+00:00\" \/>\n<meta property=\"og:image\" content=\"https:\/\/oslicepizza.fr\/crepy\/wp-content\/uploads\/sites\/8\/2025\/05\/Tacos.jpg\" \/>\n\t<meta property=\"og:image:width\" content=\"1920\" \/>\n\t<meta property=\"og:image:height\" content=\"1920\" \/>\n\t<meta property=\"og:image:type\" content=\"image\/jpeg\" \/>\n<meta name=\"twitter:card\" content=\"summary_large_image\" \/>\n<script type=\"application\/ld+json\" class=\"yoast-schema-graph\">{\"@context\":\"https:\\\/\\\/schema.org\",\"@graph\":[{\"@type\":\"WebPage\",\"@id\":\"https:\\\/\\\/oslicepizza.fr\\\/crepy\\\/produit\\\/compose-ton-tacos\\\/\",\"url\":\"https:\\\/\\\/oslicepizza.fr\\\/crepy\\\/produit\\\/compose-ton-tacos\\\/\",\"name\":\"Composez Votre Tacos \u2013 Tacos Gourmand avec Boisson \u2013 O\u2019Slice Pizza Cr\u00e9py En Valois\",\"isPartOf\":{\"@id\":\"https:\\\/\\\/oslicepizza.fr\\\/crepy\\\/#website\"},\"primaryImageOfPage\":{\"@id\":\"https:\\\/\\\/oslicepizza.fr\\\/crepy\\\/produit\\\/compose-ton-tacos\\\/#primaryimage\"},\"image\":{\"@id\":\"https:\\\/\\\/oslicepizza.fr\\\/crepy\\\/produit\\\/compose-ton-tacos\\\/#primaryimage\"},\"thumbnailUrl\":\"https:\\\/\\\/oslicepizza.fr\\\/crepy\\\/wp-content\\\/uploads\\\/sites\\\/8\\\/2025\\\/05\\\/Tacos.jpg\",\"datePublished\":\"2025-05-20T20:14:55+00:00\",\"dateModified\":\"2026-01-13T13:46:04+00:00\",\"description\":\"Cr\u00e9ez votre tacos personnalis\u00e9 et profitez d\u2019une boisson incluse. Commandez en ligne chez O\u2019Slice Pizza \u00e0 Cr\u00e9py En Valois pour un repas savoureux et rapide !\",\"breadcrumb\":{\"@id\":\"https:\\\/\\\/oslicepizza.fr\\\/crepy\\\/produit\\\/compose-ton-tacos\\\/#breadcrumb\"},\"inLanguage\":\"fr-FR\",\"potentialAction\":[{\"@type\":\"ReadAction\",\"target\":[\"https:\\\/\\\/oslicepizza.fr\\\/crepy\\\/produit\\\/compose-ton-tacos\\\/\"]}]},{\"@type\":\"ImageObject\",\"inLanguage\":\"fr-FR\",\"@id\":\"https:\\\/\\\/oslicepizza.fr\\\/crepy\\\/produit\\\/compose-ton-tacos\\\/#primaryimage\",\"url\":\"https:\\\/\\\/oslicepizza.fr\\\/crepy\\\/wp-content\\\/uploads\\\/sites\\\/8\\\/2025\\\/05\\\/Tacos.jpg\",\"contentUrl\":\"https:\\\/\\\/oslicepizza.fr\\\/crepy\\\/wp-content\\\/uploads\\\/sites\\\/8\\\/2025\\\/05\\\/Tacos.jpg\",\"width\":1920,\"height\":1920},{\"@type\":\"BreadcrumbList\",\"@id\":\"https:\\\/\\\/oslicepizza.fr\\\/crepy\\\/produit\\\/compose-ton-tacos\\\/#breadcrumb\",\"itemListElement\":[{\"@type\":\"ListItem\",\"position\":1,\"name\":\"Accueil\",\"item\":\"https:\\\/\\\/oslicepizza.fr\\\/crepy\\\/\"},{\"@type\":\"ListItem\",\"position\":2,\"name\":\"Boutique\",\"item\":\"https:\\\/\\\/oslicepizza.fr\\\/crepy\\\/boutique\\\/\"},{\"@type\":\"ListItem\",\"position\":3,\"name\":\"COMPOSE TON TACOS\"}]},{\"@type\":\"WebSite\",\"@id\":\"https:\\\/\\\/oslicepizza.fr\\\/crepy\\\/#website\",\"url\":\"https:\\\/\\\/oslicepizza.fr\\\/crepy\\\/\",\"name\":\"O'Slice Pizza - Cr\u00e9py En Valois\",\"description\":\"\",\"publisher\":{\"@id\":\"https:\\\/\\\/oslicepizza.fr\\\/crepy\\\/#organization\"},\"potentialAction\":[{\"@type\":\"SearchAction\",\"target\":{\"@type\":\"EntryPoint\",\"urlTemplate\":\"https:\\\/\\\/oslicepizza.fr\\\/crepy\\\/?s={search_term_string}\"},\"query-input\":{\"@type\":\"PropertyValueSpecification\",\"valueRequired\":true,\"valueName\":\"search_term_string\"}}],\"inLanguage\":\"fr-FR\"},{\"@type\":\"Organization\",\"@id\":\"https:\\\/\\\/oslicepizza.fr\\\/crepy\\\/#organization\",\"name\":\"O'Slice Pizza - Cr\u00e9py En Valois\",\"url\":\"https:\\\/\\\/oslicepizza.fr\\\/crepy\\\/\",\"logo\":{\"@type\":\"ImageObject\",\"inLanguage\":\"fr-FR\",\"@id\":\"https:\\\/\\\/oslicepizza.fr\\\/crepy\\\/#\\\/schema\\\/logo\\\/image\\\/\",\"url\":\"https:\\\/\\\/i0.wp.com\\\/oslicepizza.fr\\\/crepy\\\/wp-content\\\/uploads\\\/sites\\\/8\\\/2025\\\/10\\\/Crepy-scaled-1.webp?fit=2560%2C1707&ssl=1\",\"contentUrl\":\"https:\\\/\\\/i0.wp.com\\\/oslicepizza.fr\\\/crepy\\\/wp-content\\\/uploads\\\/sites\\\/8\\\/2025\\\/10\\\/Crepy-scaled-1.webp?fit=2560%2C1707&ssl=1\",\"width\":2560,\"height\":1707,\"caption\":\"O'Slice Pizza - Cr\u00e9py En Valois\"},\"image\":{\"@id\":\"https:\\\/\\\/oslicepizza.fr\\\/crepy\\\/#\\\/schema\\\/logo\\\/image\\\/\"}}]}<\/script>\n<!-- \/ Yoast SEO plugin. -->","yoast_head_json":{"title":"Composez Votre Tacos \u2013 Tacos Gourmand avec Boisson \u2013 O\u2019Slice Pizza Cr\u00e9py En Valois","description":"Cr\u00e9ez votre tacos personnalis\u00e9 et profitez d\u2019une boisson incluse. Commandez en ligne chez O\u2019Slice Pizza \u00e0 Cr\u00e9py En Valois pour un repas savoureux et rapide !","robots":{"index":"index","follow":"follow","max-snippet":"max-snippet:-1","max-image-preview":"max-image-preview:large","max-video-preview":"max-video-preview:-1"},"canonical":"https:\/\/oslicepizza.fr\/crepy\/produit\/compose-ton-tacos\/","og_locale":"fr_FR","og_type":"article","og_title":"Composez Votre Tacos \u2013 Tacos Gourmand avec Boisson \u2013 O\u2019Slice Pizza Cr\u00e9py En Valois","og_description":"Cr\u00e9ez votre tacos personnalis\u00e9 et profitez d\u2019une boisson incluse. Commandez en ligne chez O\u2019Slice Pizza \u00e0 Cr\u00e9py En Valois pour un repas savoureux et rapide !","og_url":"https:\/\/oslicepizza.fr\/crepy\/produit\/compose-ton-tacos\/","og_site_name":"O&#039;Slice Pizza - Cr\u00e9py En Valois","article_modified_time":"2026-01-13T13:46:04+00:00","og_image":[{"width":1920,"height":1920,"url":"https:\/\/oslicepizza.fr\/crepy\/wp-content\/uploads\/sites\/8\/2025\/05\/Tacos.jpg","type":"image\/jpeg"}],"twitter_card":"summary_large_image","schema":{"@context":"https:\/\/schema.org","@graph":[{"@type":"WebPage","@id":"https:\/\/oslicepizza.fr\/crepy\/produit\/compose-ton-tacos\/","url":"https:\/\/oslicepizza.fr\/crepy\/produit\/compose-ton-tacos\/","name":"Composez Votre Tacos \u2013 Tacos Gourmand avec Boisson \u2013 O\u2019Slice Pizza Cr\u00e9py En Valois","isPartOf":{"@id":"https:\/\/oslicepizza.fr\/crepy\/#website"},"primaryImageOfPage":{"@id":"https:\/\/oslicepizza.fr\/crepy\/produit\/compose-ton-tacos\/#primaryimage"},"image":{"@id":"https:\/\/oslicepizza.fr\/crepy\/produit\/compose-ton-tacos\/#primaryimage"},"thumbnailUrl":"https:\/\/oslicepizza.fr\/crepy\/wp-content\/uploads\/sites\/8\/2025\/05\/Tacos.jpg","datePublished":"2025-05-20T20:14:55+00:00","dateModified":"2026-01-13T13:46:04+00:00","description":"Cr\u00e9ez votre tacos personnalis\u00e9 et profitez d\u2019une boisson incluse. Commandez en ligne chez O\u2019Slice Pizza \u00e0 Cr\u00e9py En Valois pour un repas savoureux et rapide !","breadcrumb":{"@id":"https:\/\/oslicepizza.fr\/crepy\/produit\/compose-ton-tacos\/#breadcrumb"},"inLanguage":"fr-FR","potentialAction":[{"@type":"ReadAction","target":["https:\/\/oslicepizza.fr\/crepy\/produit\/compose-ton-tacos\/"]}]},{"@type":"ImageObject","inLanguage":"fr-FR","@id":"https:\/\/oslicepizza.fr\/crepy\/produit\/compose-ton-tacos\/#primaryimage","url":"https:\/\/oslicepizza.fr\/crepy\/wp-content\/uploads\/sites\/8\/2025\/05\/Tacos.jpg","contentUrl":"https:\/\/oslicepizza.fr\/crepy\/wp-content\/uploads\/sites\/8\/2025\/05\/Tacos.jpg","width":1920,"height":1920},{"@type":"BreadcrumbList","@id":"https:\/\/oslicepizza.fr\/crepy\/produit\/compose-ton-tacos\/#breadcrumb","itemListElement":[{"@type":"ListItem","position":1,"name":"Accueil","item":"https:\/\/oslicepizza.fr\/crepy\/"},{"@type":"ListItem","position":2,"name":"Boutique","item":"https:\/\/oslicepizza.fr\/crepy\/boutique\/"},{"@type":"ListItem","position":3,"name":"COMPOSE TON TACOS"}]},{"@type":"WebSite","@id":"https:\/\/oslicepizza.fr\/crepy\/#website","url":"https:\/\/oslicepizza.fr\/crepy\/","name":"O'Slice Pizza - Cr\u00e9py En Valois","description":"","publisher":{"@id":"https:\/\/oslicepizza.fr\/crepy\/#organization"},"potentialAction":[{"@type":"SearchAction","target":{"@type":"EntryPoint","urlTemplate":"https:\/\/oslicepizza.fr\/crepy\/?s={search_term_string}"},"query-input":{"@type":"PropertyValueSpecification","valueRequired":true,"valueName":"search_term_string"}}],"inLanguage":"fr-FR"},{"@type":"Organization","@id":"https:\/\/oslicepizza.fr\/crepy\/#organization","name":"O'Slice Pizza - Cr\u00e9py En Valois","url":"https:\/\/oslicepizza.fr\/crepy\/","logo":{"@type":"ImageObject","inLanguage":"fr-FR","@id":"https:\/\/oslicepizza.fr\/crepy\/#\/schema\/logo\/image\/","url":"https:\/\/i0.wp.com\/oslicepizza.fr\/crepy\/wp-content\/uploads\/sites\/8\/2025\/10\/Crepy-scaled-1.webp?fit=2560%2C1707&ssl=1","contentUrl":"https:\/\/i0.wp.com\/oslicepizza.fr\/crepy\/wp-content\/uploads\/sites\/8\/2025\/10\/Crepy-scaled-1.webp?fit=2560%2C1707&ssl=1","width":2560,"height":1707,"caption":"O'Slice Pizza - Cr\u00e9py En Valois"},"image":{"@id":"https:\/\/oslicepizza.fr\/crepy\/#\/schema\/logo\/image\/"}}]}},"jetpack_sharing_enabled":true,"_links":{"self":[{"href":"https:\/\/oslicepizza.fr\/crepy\/wp-json\/wp\/v2\/product\/657","targetHints":{"allow":["GET"]}}],"collection":[{"href":"https:\/\/oslicepizza.fr\/crepy\/wp-json\/wp\/v2\/product"}],"about":[{"href":"https:\/\/oslicepizza.fr\/crepy\/wp-json\/wp\/v2\/types\/product"}],"replies":[{"embeddable":true,"href":"https:\/\/oslicepizza.fr\/crepy\/wp-json\/wp\/v2\/comments?post=657"}],"wp:featuredmedia":[{"embeddable":true,"href":"https:\/\/oslicepizza.fr\/crepy\/wp-json\/wp\/v2\/media\/658"}],"wp:attachment":[{"href":"https:\/\/oslicepizza.fr\/crepy\/wp-json\/wp\/v2\/media?parent=657"}],"wp:term":[{"taxonomy":"product_brand","embeddable":true,"href":"https:\/\/oslicepizza.fr\/crepy\/wp-json\/wp\/v2\/product_brand?post=657"},{"taxonomy":"product_cat","embeddable":true,"href":"https:\/\/oslicepizza.fr\/crepy\/wp-json\/wp\/v2\/product_cat?post=657"},{"taxonomy":"product_tag","embeddable":true,"href":"https:\/\/oslicepizza.fr\/crepy\/wp-json\/wp\/v2\/product_tag?post=657"}],"curies":[{"name":"wp","href":"https:\/\/api.w.org\/{rel}","templated":true}]}}