{"id":3,"date":"2025-01-23T13:43:54","date_gmt":"2025-01-23T13:43:54","guid":{"rendered":"http:\/\/box2124\/cgi\/addon_GT.cgi?s=GT::WP::Install::Cpanel+%28wbvipymy%29+-+127.0.0.1+%5Bnocaller%5D\/?page_id=3"},"modified":"2025-11-01T19:42:26","modified_gmt":"2025-11-01T19:42:26","slug":"politique-de-confidentialite","status":"publish","type":"page","link":"https:\/\/oslicepizza.fr\/crepy\/politique-de-confidentialite\/","title":{"rendered":"Politique de Confidentialit\u00e9"},"content":{"rendered":"\t\t<div data-elementor-type=\"wp-page\" data-elementor-id=\"3\" class=\"elementor elementor-3\" data-elementor-post-type=\"page\">\n\t\t\t\t<div class=\"elementor-element elementor-element-1eea05e e-flex e-con-boxed e-con e-parent\" data-id=\"1eea05e\" data-element_type=\"container\" data-e-type=\"container\">\n\t\t\t\t\t<div class=\"e-con-inner\">\n\t\t\t\t<div class=\"elementor-element elementor-element-b279412 elementor-widget elementor-widget-text-editor\" data-id=\"b279412\" data-element_type=\"widget\" data-e-type=\"widget\" data-widget_type=\"text-editor.default\">\n\t\t\t\t<div class=\"elementor-widget-container\">\n\t\t\t\t\t\t\t\t\t<h2 class=\"wp-block-heading\">Politique de Confidentialit\u00e9<\/h2>\n<p><!-- \/wp:heading --><!-- wp:paragraph --><\/p>\n<p><strong>Derni\u00e8re mise \u00e0 jour : 1 novembre 2025<\/strong><\/p>\n<p><!-- \/wp:paragraph --><!-- wp:heading --><\/p>\n<p><!-- \/wp:heading --><!-- wp:paragraph --><\/p>\n<p>Chez <strong>O\u2019Slice Pizza<\/strong>, la protection de votre vie priv\u00e9e est essentielle. Nous nous engageons \u00e0 respecter la l\u00e9gislation en vigueur en mati\u00e8re de protection des donn\u00e9es personnelles (RGPD) et \u00e0 \u00eatre totalement transparents sur la mani\u00e8re dont vos informations sont collect\u00e9es, utilis\u00e9es et prot\u00e9g\u00e9es.<\/p>\n<p>En utilisant nos services ou en naviguant sur nos sites web, vous acceptez les conditions d\u00e9crites dans cette politique de confidentialit\u00e9.<\/p>\n<p><!-- \/wp:paragraph --><!-- wp:paragraph --><\/p>\n<p>An anonymized string created from your email address (also called a hash) may be provided to the Gravatar service to see if you are using it. The Gravatar service privacy policy is available here: https:\/\/automattic.com\/privacy\/. After approval of your comment, your profile picture is visible to the public in the context of your comment.<\/p>\n<p><!-- \/wp:paragraph --><!-- wp:heading --><\/p>\n<h2 class=\"wp-block-heading\">Donn\u00e9es personnelles collect\u00e9es<\/h2>\n<p><!-- \/wp:heading --><!-- wp:paragraph --><\/p>\n<p>Lorsque vous utilisez nos services (site web, r\u00e9seaux sociaux, etc.), nous pouvons collecter :<\/p>\n<ul>\n<li>Votre nom et pr\u00e9nom<\/li>\n<li>Votre adresse e-mail<\/li>\n<li>Votre num\u00e9ro de t\u00e9l\u00e9phone<\/li>\n<li>Votre adresse postale<\/li>\n<li>Votre adresse IP<\/li>\n<li>Vos informations de commande (produits achet\u00e9s, paiements, r\u00e9clamations, etc.)<\/li>\n<li>Vos donn\u00e9es de localisation<\/li>\n<\/ul>\n<p><!-- \/wp:paragraph --><!-- wp:heading --><\/p>\n<h2 class=\"wp-block-heading\">Utilisation de vos donn\u00e9es<\/h2>\n<p><!-- \/wp:heading --><!-- wp:paragraph --><\/p>\n<p>Nous utilisons vos informations personnelles pour :<\/p>\n<ul>\n<li>G\u00e9rer vos commandes et paiements<\/li>\n<li>R\u00e9pondre \u00e0 vos demandes et assurer le service client<\/li>\n<li>Am\u00e9liorer votre exp\u00e9rience utilisateur<\/li>\n<li>R\u00e9aliser des analyses pour am\u00e9liorer nos services<\/li>\n<li>Respecter nos obligations l\u00e9gales<\/li>\n<li>Vous envoyez des offres ou actualit\u00e9s (si vous y avez consenti)<\/li>\n<\/ul>\n<p><!-- \/wp:paragraph --><!-- wp:heading --><\/p>\n<h2 class=\"wp-block-heading\">Partage de vos informations<\/h2>\n<p><!-- \/wp:heading --><!-- wp:paragraph --><\/p>\n<p><strong>O\u2019Slice Pizza ne partage actuellement aucune donn\u00e9e personnelle avec des tiers.<\/strong><br \/>Toutes les informations collect\u00e9es sont utilis\u00e9es exclusivement pour le traitement de vos commandes et la communication avec vous.<br \/>Si un partage devait \u00eatre mis en place \u00e0 l\u2019avenir, il serait effectu\u00e9 dans le respect du RGPD et uniquement avec votre consentement.<\/p>\n<p><!-- \/wp:paragraph --><!-- wp:heading --><\/p>\n<h2 class=\"wp-block-heading\">Conservation des donn\u00e9es<\/h2>\n<p><!-- \/wp:heading --><!-- wp:paragraph --><\/p>\n<p>Vos donn\u00e9es sont conserv\u00e9es uniquement pendant la dur\u00e9e n\u00e9cessaire \u00e0 la r\u00e9alisation des finalit\u00e9s pour lesquelles elles ont \u00e9t\u00e9 collect\u00e9es, ou conform\u00e9ment aux obligations l\u00e9gales applicables.<\/p>\n<p><!-- \/wp:paragraph --><!-- wp:heading --><\/p>\n<h2 class=\"wp-block-heading\">Cookies et technologies de suivi<\/h2>\n<p><!-- \/wp:heading --><!-- wp:paragraph --><\/p>\n<p>Nous utilisons des cookies afin de :<\/p>\n<ul>\n<li>Am\u00e9liorer la navigation et les performances du site<\/li>\n<li>Analyser le trafic et mesurer l\u2019audience<\/li>\n<li>Personnaliser votre exp\u00e9rience<\/li>\n<li>\u00c9valuer l\u2019efficacit\u00e9 de nos campagnes marketing<\/li>\n<\/ul>\n<p>Vous pouvez \u00e0 tout moment g\u00e9rer ou d\u00e9sactiver les cookies via les param\u00e8tres de votre navigateur.<\/p>\n<p><!-- \/wp:paragraph --><!-- wp:heading --><\/p>\n<h2 class=\"wp-block-heading\">Contact<\/h2>\n<p><!-- \/wp:heading --><!-- wp:paragraph --><\/p>\n<p>Pour toute question, demande d\u2019acc\u00e8s, de modification ou de suppression de vos donn\u00e9es personnelles, vous pouvez nous contacter \u00e0 l\u2019adresse suivante : <em>admin@oslicepizza.fr<\/em><\/p>\n<p><!-- \/wp:paragraph --><\/p>\t\t\t\t\t\t\t\t<\/div>\n\t\t\t\t<\/div>\n\t\t\t\t\t<\/div>\n\t\t\t\t<\/div>\n\t\t\t\t<\/div>\n\t\t","protected":false},"excerpt":{"rendered":"<p>Politique de Confidentialit\u00e9 Derni\u00e8re mise \u00e0 jour : 1 novembre 2025 Chez O\u2019Slice Pizza, la protection de votre vie priv\u00e9e est essentielle. Nous nous engageons \u00e0 respecter la l\u00e9gislation en vigueur en mati\u00e8re de protection des donn\u00e9es personnelles (RGPD) et \u00e0 \u00eatre totalement transparents sur la mani\u00e8re dont vos informations sont collect\u00e9es, utilis\u00e9es et prot\u00e9g\u00e9es. [&hellip;]<\/p>\n","protected":false},"author":1,"featured_media":0,"parent":0,"menu_order":0,"comment_status":"closed","ping_status":"closed","template":"elementor_header_footer","meta":{"footnotes":""},"class_list":["post-3","page","type-page","status-publish","hentry"],"yoast_head":"<!-- This site is optimized with the Yoast SEO plugin v27.5 - https:\/\/yoast.com\/product\/yoast-seo-wordpress\/ -->\n<title>O&#039;Slice Pizza - Cr\u00e9py En Valois | Politique de Confidentialit\u00e9<\/title>\n<meta name=\"robots\" content=\"index, follow, max-snippet:-1, max-image-preview:large, max-video-preview:-1\" \/>\n<link rel=\"canonical\" href=\"https:\/\/oslicepizza.fr\/crepy\/politique-de-confidentialite\/\" \/>\n<meta property=\"og:locale\" content=\"fr_FR\" \/>\n<meta property=\"og:type\" content=\"article\" \/>\n<meta property=\"og:title\" content=\"O&#039;Slice Pizza - Cr\u00e9py En Valois | Politique de Confidentialit\u00e9\" \/>\n<meta property=\"og:description\" content=\"Politique de Confidentialit\u00e9 Derni\u00e8re mise \u00e0 jour : 1 novembre 2025 Chez O\u2019Slice Pizza, la protection de votre vie priv\u00e9e est essentielle. Nous nous engageons \u00e0 respecter la l\u00e9gislation en vigueur en mati\u00e8re de protection des donn\u00e9es personnelles (RGPD) et \u00e0 \u00eatre totalement transparents sur la mani\u00e8re dont vos informations sont collect\u00e9es, utilis\u00e9es et prot\u00e9g\u00e9es. [&hellip;]\" \/>\n<meta property=\"og:url\" content=\"https:\/\/oslicepizza.fr\/crepy\/politique-de-confidentialite\/\" \/>\n<meta property=\"og:site_name\" content=\"O&#039;Slice Pizza - Cr\u00e9py En Valois\" \/>\n<meta property=\"article:modified_time\" content=\"2025-11-01T19:42:26+00:00\" \/>\n<meta property=\"og:image\" content=\"https:\/\/oslicepizza.fr\/crepy\/wp-content\/uploads\/sites\/8\/2025\/10\/Crepy-scaled-1.webp\" \/>\n\t<meta property=\"og:image:width\" content=\"2560\" \/>\n\t<meta property=\"og:image:height\" content=\"1707\" \/>\n\t<meta property=\"og:image:type\" content=\"image\/webp\" \/>\n<meta name=\"twitter:card\" content=\"summary_large_image\" \/>\n<script type=\"application\/ld+json\" class=\"yoast-schema-graph\">{\"@context\":\"https:\\\/\\\/schema.org\",\"@graph\":[{\"@type\":\"WebPage\",\"@id\":\"https:\\\/\\\/oslicepizza.fr\\\/crepy\\\/politique-de-confidentialite\\\/\",\"url\":\"https:\\\/\\\/oslicepizza.fr\\\/crepy\\\/politique-de-confidentialite\\\/\",\"name\":\"O&#039;Slice Pizza - Cr\u00e9py En Valois | Politique de Confidentialit\u00e9\",\"isPartOf\":{\"@id\":\"https:\\\/\\\/oslicepizza.fr\\\/crepy\\\/#website\"},\"datePublished\":\"2025-01-23T13:43:54+00:00\",\"dateModified\":\"2025-11-01T19:42:26+00:00\",\"breadcrumb\":{\"@id\":\"https:\\\/\\\/oslicepizza.fr\\\/crepy\\\/politique-de-confidentialite\\\/#breadcrumb\"},\"inLanguage\":\"fr-FR\",\"potentialAction\":[{\"@type\":\"ReadAction\",\"target\":[\"https:\\\/\\\/oslicepizza.fr\\\/crepy\\\/politique-de-confidentialite\\\/\"]}]},{\"@type\":\"BreadcrumbList\",\"@id\":\"https:\\\/\\\/oslicepizza.fr\\\/crepy\\\/politique-de-confidentialite\\\/#breadcrumb\",\"itemListElement\":[{\"@type\":\"ListItem\",\"position\":1,\"name\":\"Accueil\",\"item\":\"https:\\\/\\\/oslicepizza.fr\\\/crepy\\\/\"},{\"@type\":\"ListItem\",\"position\":2,\"name\":\"Politique de Confidentialit\u00e9\"}]},{\"@type\":\"WebSite\",\"@id\":\"https:\\\/\\\/oslicepizza.fr\\\/crepy\\\/#website\",\"url\":\"https:\\\/\\\/oslicepizza.fr\\\/crepy\\\/\",\"name\":\"O'Slice Pizza - Cr\u00e9py En Valois\",\"description\":\"\",\"publisher\":{\"@id\":\"https:\\\/\\\/oslicepizza.fr\\\/crepy\\\/#organization\"},\"potentialAction\":[{\"@type\":\"SearchAction\",\"target\":{\"@type\":\"EntryPoint\",\"urlTemplate\":\"https:\\\/\\\/oslicepizza.fr\\\/crepy\\\/?s={search_term_string}\"},\"query-input\":{\"@type\":\"PropertyValueSpecification\",\"valueRequired\":true,\"valueName\":\"search_term_string\"}}],\"inLanguage\":\"fr-FR\"},{\"@type\":\"Organization\",\"@id\":\"https:\\\/\\\/oslicepizza.fr\\\/crepy\\\/#organization\",\"name\":\"O'Slice Pizza - Cr\u00e9py En Valois\",\"url\":\"https:\\\/\\\/oslicepizza.fr\\\/crepy\\\/\",\"logo\":{\"@type\":\"ImageObject\",\"inLanguage\":\"fr-FR\",\"@id\":\"https:\\\/\\\/oslicepizza.fr\\\/crepy\\\/#\\\/schema\\\/logo\\\/image\\\/\",\"url\":\"https:\\\/\\\/i0.wp.com\\\/oslicepizza.fr\\\/crepy\\\/wp-content\\\/uploads\\\/sites\\\/8\\\/2025\\\/10\\\/Crepy-scaled-1.webp?fit=2560%2C1707&ssl=1\",\"contentUrl\":\"https:\\\/\\\/i0.wp.com\\\/oslicepizza.fr\\\/crepy\\\/wp-content\\\/uploads\\\/sites\\\/8\\\/2025\\\/10\\\/Crepy-scaled-1.webp?fit=2560%2C1707&ssl=1\",\"width\":2560,\"height\":1707,\"caption\":\"O'Slice Pizza - Cr\u00e9py En Valois\"},\"image\":{\"@id\":\"https:\\\/\\\/oslicepizza.fr\\\/crepy\\\/#\\\/schema\\\/logo\\\/image\\\/\"}}]}<\/script>\n<!-- \/ Yoast SEO plugin. -->","yoast_head_json":{"title":"O&#039;Slice Pizza - Cr\u00e9py En Valois | Politique de Confidentialit\u00e9","robots":{"index":"index","follow":"follow","max-snippet":"max-snippet:-1","max-image-preview":"max-image-preview:large","max-video-preview":"max-video-preview:-1"},"canonical":"https:\/\/oslicepizza.fr\/crepy\/politique-de-confidentialite\/","og_locale":"fr_FR","og_type":"article","og_title":"O&#039;Slice Pizza - Cr\u00e9py En Valois | Politique de Confidentialit\u00e9","og_description":"Politique de Confidentialit\u00e9 Derni\u00e8re mise \u00e0 jour : 1 novembre 2025 Chez O\u2019Slice Pizza, la protection de votre vie priv\u00e9e est essentielle. Nous nous engageons \u00e0 respecter la l\u00e9gislation en vigueur en mati\u00e8re de protection des donn\u00e9es personnelles (RGPD) et \u00e0 \u00eatre totalement transparents sur la mani\u00e8re dont vos informations sont collect\u00e9es, utilis\u00e9es et prot\u00e9g\u00e9es. [&hellip;]","og_url":"https:\/\/oslicepizza.fr\/crepy\/politique-de-confidentialite\/","og_site_name":"O&#039;Slice Pizza - Cr\u00e9py En Valois","article_modified_time":"2025-11-01T19:42:26+00:00","og_image":[{"width":2560,"height":1707,"url":"https:\/\/oslicepizza.fr\/crepy\/wp-content\/uploads\/sites\/8\/2025\/10\/Crepy-scaled-1.webp","type":"image\/webp"}],"twitter_card":"summary_large_image","schema":{"@context":"https:\/\/schema.org","@graph":[{"@type":"WebPage","@id":"https:\/\/oslicepizza.fr\/crepy\/politique-de-confidentialite\/","url":"https:\/\/oslicepizza.fr\/crepy\/politique-de-confidentialite\/","name":"O&#039;Slice Pizza - Cr\u00e9py En Valois | Politique de Confidentialit\u00e9","isPartOf":{"@id":"https:\/\/oslicepizza.fr\/crepy\/#website"},"datePublished":"2025-01-23T13:43:54+00:00","dateModified":"2025-11-01T19:42:26+00:00","breadcrumb":{"@id":"https:\/\/oslicepizza.fr\/crepy\/politique-de-confidentialite\/#breadcrumb"},"inLanguage":"fr-FR","potentialAction":[{"@type":"ReadAction","target":["https:\/\/oslicepizza.fr\/crepy\/politique-de-confidentialite\/"]}]},{"@type":"BreadcrumbList","@id":"https:\/\/oslicepizza.fr\/crepy\/politique-de-confidentialite\/#breadcrumb","itemListElement":[{"@type":"ListItem","position":1,"name":"Accueil","item":"https:\/\/oslicepizza.fr\/crepy\/"},{"@type":"ListItem","position":2,"name":"Politique de Confidentialit\u00e9"}]},{"@type":"WebSite","@id":"https:\/\/oslicepizza.fr\/crepy\/#website","url":"https:\/\/oslicepizza.fr\/crepy\/","name":"O'Slice Pizza - Cr\u00e9py En Valois","description":"","publisher":{"@id":"https:\/\/oslicepizza.fr\/crepy\/#organization"},"potentialAction":[{"@type":"SearchAction","target":{"@type":"EntryPoint","urlTemplate":"https:\/\/oslicepizza.fr\/crepy\/?s={search_term_string}"},"query-input":{"@type":"PropertyValueSpecification","valueRequired":true,"valueName":"search_term_string"}}],"inLanguage":"fr-FR"},{"@type":"Organization","@id":"https:\/\/oslicepizza.fr\/crepy\/#organization","name":"O'Slice Pizza - Cr\u00e9py En Valois","url":"https:\/\/oslicepizza.fr\/crepy\/","logo":{"@type":"ImageObject","inLanguage":"fr-FR","@id":"https:\/\/oslicepizza.fr\/crepy\/#\/schema\/logo\/image\/","url":"https:\/\/i0.wp.com\/oslicepizza.fr\/crepy\/wp-content\/uploads\/sites\/8\/2025\/10\/Crepy-scaled-1.webp?fit=2560%2C1707&ssl=1","contentUrl":"https:\/\/i0.wp.com\/oslicepizza.fr\/crepy\/wp-content\/uploads\/sites\/8\/2025\/10\/Crepy-scaled-1.webp?fit=2560%2C1707&ssl=1","width":2560,"height":1707,"caption":"O'Slice Pizza - Cr\u00e9py En Valois"},"image":{"@id":"https:\/\/oslicepizza.fr\/crepy\/#\/schema\/logo\/image\/"}}]}},"jetpack_sharing_enabled":true,"_links":{"self":[{"href":"https:\/\/oslicepizza.fr\/crepy\/wp-json\/wp\/v2\/pages\/3","targetHints":{"allow":["GET"]}}],"collection":[{"href":"https:\/\/oslicepizza.fr\/crepy\/wp-json\/wp\/v2\/pages"}],"about":[{"href":"https:\/\/oslicepizza.fr\/crepy\/wp-json\/wp\/v2\/types\/page"}],"author":[{"embeddable":true,"href":"https:\/\/oslicepizza.fr\/crepy\/wp-json\/wp\/v2\/users\/1"}],"replies":[{"embeddable":true,"href":"https:\/\/oslicepizza.fr\/crepy\/wp-json\/wp\/v2\/comments?post=3"}],"version-history":[{"count":4,"href":"https:\/\/oslicepizza.fr\/crepy\/wp-json\/wp\/v2\/pages\/3\/revisions"}],"predecessor-version":[{"id":1842,"href":"https:\/\/oslicepizza.fr\/crepy\/wp-json\/wp\/v2\/pages\/3\/revisions\/1842"}],"wp:attachment":[{"href":"https:\/\/oslicepizza.fr\/crepy\/wp-json\/wp\/v2\/media?parent=3"}],"curies":[{"name":"wp","href":"https:\/\/api.w.org\/{rel}","templated":true}]}}